{"id":902,"date":"2021-01-25T20:00:59","date_gmt":"2021-01-25T23:00:59","guid":{"rendered":"http:\/\/dmfisioterapia.com.br\/?page_id=902"},"modified":"2023-10-19T19:05:16","modified_gmt":"2023-10-19T22:05:16","slug":"depoimentos","status":"publish","type":"page","link":"https:\/\/dmfisioterapia.com.br\/index.php\/depoimentos\/","title":{"rendered":"Depoimentos"},"content":{"rendered":"<nav style=\"color: #a62280;background-color: #fff0fb; font-size:9px;font-style:normal;font-weight:700;line-height:1;text-transform:none;\" class=\"has-text-color has-background items-justified-center alignfull wp-block-navigation is-horizontal is-content-justification-center is-layout-flex wp-container-3 wp-block-navigation-is-layout-flex\" aria-label=\"Navega\u00e7\u00e3o 7\"><ul style=\"color: #a62280;background-color: #fff0fb; font-size:9px;font-style:normal;font-weight:700;line-height:1;text-transform:none;\" class=\"wp-block-navigation__container has-text-color has-background items-justified-center alignfull wp-block-navigation\"><li style=\"font-size: 9px;\" class=\" wp-block-navigation-item wp-block-navigation-link\"><a class=\"wp-block-navigation-item__content\"  href=\"https:\/\/dmfisioterapia.com.br\/\"><span class=\"wp-block-navigation-item__label\">HOME<\/span><\/a><\/li><li style=\"font-size: 9px;\" class=\" wp-block-navigation-item wp-block-navigation-link\"><a class=\"wp-block-navigation-item__content\"  href=\"https:\/\/dmfisioterapia.com.br\/index.php\/fisio\/\"><span class=\"wp-block-navigation-item__label\">FISIOTERAPIA<\/span><\/a><\/li><li style=\"font-size: 9px;\" class=\" wp-block-navigation-item wp-block-navigation-link\"><a class=\"wp-block-navigation-item__content\"  href=\"https:\/\/dmfisioterapia.com.br\/index.php\/pilates-2\/\"><span class=\"wp-block-navigation-item__label\">PILATES<\/span><\/a><\/li><li style=\"font-size: 9px;\" class=\" wp-block-navigation-item wp-block-navigation-link\"><a class=\"wp-block-navigation-item__content\"  href=\"https:\/\/dmfisioterapia.com.br\/index.php\/ventosa-2\/\"><span class=\"wp-block-navigation-item__label\">VENTOSATERAPIA<\/span><\/a><\/li><li style=\"font-size: 9px;\" class=\" wp-block-navigation-item wp-block-navigation-link is-layout-flow wp-block-navigation-link-is-layout-flow\"><a class=\"wp-block-navigation-item__content\"  href=\"https:\/\/dmfisioterapia.com.br\/index.php\/eletroterapia\/\"><span class=\"wp-block-navigation-item__label\">ELETROTERAPIA<\/span><\/a><\/li><li style=\"font-size: 9px;\" class=\" wp-block-navigation-item wp-block-navigation-link\"><a class=\"wp-block-navigation-item__content\"  href=\"https:\/\/dmfisioterapia.com.br\/index.php\/blog-2\/\"><span class=\"wp-block-navigation-item__label\">LIBERA\u00c7\u00c3O MIOFASCIAL<\/span><\/a><\/li><li style=\"font-size: 9px;\" class=\" wp-block-navigation-item wp-block-navigation-link\"><a class=\"wp-block-navigation-item__content\"  href=\"https:\/\/dmfisioterapia.com.br\/index.php\/massagem-2\/\"><span class=\"wp-block-navigation-item__label\">MASSAGEM RELAX<\/span><\/a><\/li><li style=\"font-size: 9px;\" class=\" wp-block-navigation-item wp-block-navigation-link\"><a class=\"wp-block-navigation-item__content\"  href=\"https:\/\/dmfisioterapia.com.br\/index.php\/kinesio-2\/\"><span class=\"wp-block-navigation-item__label\">KINESIO TAPING<\/span><\/a><\/li><li style=\"font-size: 9px;\" class=\" wp-block-navigation-item wp-block-navigation-link\"><a class=\"wp-block-navigation-item__content\"  href=\"https:\/\/dmfisioterapia.com.br\/index.php\/depoimentos\/\"><span class=\"wp-block-navigation-item__label\">DEPOIMENTOS<\/span><\/a><\/li><li style=\"font-size: 9px;\" class=\" wp-block-navigation-item wp-block-navigation-link\"><a class=\"wp-block-navigation-item__content\"  href=\"https:\/\/dmfisioterapia.com.br\/wp-content\/uploads\/2023\/10\/Cartao-Digital-Dra.-Dayana-Marques-1.pdf\" target=\"_blank\"  ><span class=\"wp-block-navigation-item__label\">CART\u00c3O DE VISITAS<\/span><\/a><\/li><li style=\"font-size: 9px;\" class=\" wp-block-navigation-item wp-block-navigation-link\"><a class=\"wp-block-navigation-item__content\"  href=\"#contato-contato\"><span class=\"wp-block-navigation-item__label\">CONTATO<\/span><\/a><\/li><\/ul><\/nav>\n\n\n<div class=\"wp-block-jetpack-layout-grid alignfull column1-desktop-grid__span-12 column1-desktop-grid__row-1 column1-tablet-grid__span-8 column1-tablet-grid__row-1 column1-mobile-grid__span-4 column1-mobile-grid__row-1 wp-block-jetpack-layout-gutter__nowrap wp-block-jetpack-layout-gutter__huge\">\n<div class=\"wp-block-jetpack-layout-grid-column wp-block-jetpack-layout-grid__padding-none is-vertically-aligned-center\">\n<h5 class=\"wp-block-heading has-text-align-center has-base-background-color has-text-color has-background\" id=\"depo-depo\" style=\"color:#a62280;margin-top:0;margin-right:0;margin-bottom:0;margin-left:0;font-size:clamp(25.5px, 1.594rem + ((1vw - 3.2px) * 1.989), 43px);line-height:1.1;text-transform:uppercase\">O que dizem os<br>pacientes e alunos<\/h5>\n<\/div>\n<\/div>\n\n\n\n<div class=\"wp-block-jetpack-layout-grid alignfull column1-desktop-grid__span-4 column1-desktop-grid__row-1 column2-desktop-grid__span-4 column2-desktop-grid__start-5 column2-desktop-grid__row-1 column3-desktop-grid__span-4 column3-desktop-grid__start-9 column3-desktop-grid__row-1 column1-tablet-grid__span-4 column1-tablet-grid__row-1 column2-tablet-grid__span-4 column2-tablet-grid__start-5 column2-tablet-grid__row-1 column3-tablet-grid__span-8 column3-tablet-grid__row-2 column1-mobile-grid__span-4 column1-mobile-grid__row-1 column2-mobile-grid__span-4 column2-mobile-grid__row-2 column3-mobile-grid__span-4 column3-mobile-grid__row-3\">\n<div class=\"wp-block-jetpack-layout-grid-column wp-block-jetpack-layout-grid__padding-none has-background\" style=\"background-color:#fff0fb\">\n<h6 class=\"wp-block-heading has-text-align-right\" style=\"font-size:clamp(14px, 0.875rem + ((1vw - 3.2px) * 0.227), 16px);px;line-height:1.5\"><strong><span style=\"background-color:rgba(0, 0, 0, 0);color:#2c313f;\" class=\"has-inline-color\">H. FERREIRA<\/span><\/strong><\/h6>\n\n\n\n<p class=\"has-drop-cap has-text-align-justify\" style=\"font-size:clamp(14px, 0.875rem + ((1vw - 3.2px) * 0.227), 16px);px\">&#8220;Me tratei com a Dra. Dayana por 4 meses, estou me sentindo \u00f3tima e com ainda mais vontade de viver. Ela \u00e9 humana de verdade.&#8221;<\/p>\n<\/div>\n\n\n\n<div class=\"wp-block-jetpack-layout-grid-column wp-block-jetpack-layout-grid__padding-none has-background is-vertically-aligned-top\" style=\"background-color:#fff0fb\">\n<h6 class=\"wp-block-heading has-text-align-right\" style=\"font-size:clamp(14px, 0.875rem + ((1vw - 3.2px) * 0.227), 16px);px;line-height:1.5\"><strong>M. BORTOLUCI<\/strong><\/h6>\n\n\n\n<p class=\"has-drop-cap has-text-align-justify\" style=\"font-size:clamp(14px, 0.875rem + ((1vw - 3.2px) * 0.227), 16px);px\">&#8220;Recebi a indica\u00e7\u00e3o da Dra. atrav\u00e9s de uma amiga, para tratar minha m\u00e3e havia sofrido um AVC. De pronto me atendeu e fez uma avalia\u00e7\u00e3o cl\u00ednica sem custo em minha m\u00e3e, ap\u00f3s a realiza\u00e7\u00e3o algumas sess\u00f5es uma melhora significativa e minha m\u00e3e ficou muito animada. A Dra. Dayana Marques sempre foi muito atenciosa e proativa com os cuidados da minha m\u00e3e, com certeza irei indicar a quem precisar.&#8221;<\/p>\n<\/div>\n\n\n\n<div class=\"wp-block-jetpack-layout-grid-column wp-block-jetpack-layout-grid__padding-none has-background\" style=\"background-color:#fff0fb\">\n<h6 class=\"wp-block-heading has-text-align-right\" style=\"font-size:clamp(14px, 0.875rem + ((1vw - 3.2px) * 0.227), 16px);px\"><strong><span style=\"background-color:rgba(0, 0, 0, 0);color:#2c313f;\" class=\"has-inline-color\">H. MARTIMIANO<\/span><\/strong><\/h6>\n\n\n\n<p class=\"has-drop-cap has-text-align-justify\" style=\"font-size:clamp(14px, 0.875rem + ((1vw - 3.2px) * 0.227), 16px);px\">&#8220;Estou muito satisfeita com o trabalho realizado pela Dra. Dayana, uma excelente profissional, dedicada e preocupada com o paciente. No conforto da minha casa trouxe todos os equipamentos necess\u00e1rio para me tratar, adorei o &#8220;choquinho&#8221;. Super Indico!&#8221;<\/p>\n<\/div>\n<\/div>\n\n\n\n<div class=\"wp-block-jetpack-layout-grid alignfull column1-desktop-grid__span-4 column1-desktop-grid__row-1 column2-desktop-grid__span-4 column2-desktop-grid__start-5 column2-desktop-grid__row-1 column3-desktop-grid__span-4 column3-desktop-grid__start-9 column3-desktop-grid__row-1 column1-tablet-grid__span-4 column1-tablet-grid__row-1 column2-tablet-grid__span-4 column2-tablet-grid__start-5 column2-tablet-grid__row-1 column3-tablet-grid__span-8 column3-tablet-grid__row-2 column1-mobile-grid__span-4 column1-mobile-grid__row-1 column2-mobile-grid__span-4 column2-mobile-grid__row-2 column3-mobile-grid__span-4 column3-mobile-grid__row-3\">\n<div class=\"wp-block-jetpack-layout-grid-column wp-block-jetpack-layout-grid__padding-none has-background\" style=\"background-color:#fff0fb\">\n<h6 class=\"wp-block-heading has-text-align-right\" style=\"font-size:clamp(14px, 0.875rem + ((1vw - 3.2px) * 0.227), 16px);px;line-height:1.5\"><strong>T. DANTAS<\/strong><\/h6>\n\n\n\n<p class=\"has-drop-cap has-text-align-justify\" style=\"font-size:clamp(14px, 0.875rem + ((1vw - 3.2px) * 0.227), 16px);px\">&#8220;Fa\u00e7o pilates a um ano e meio, cada dia me sinto melhor pois \u00e9 a \u00fanica forma que consegui me comprometer com os exerc\u00edcios, Dra. Dayana \u00e9 \u00f3tima, paciente e motivadora.&#8221;<\/p>\n<\/div>\n\n\n\n<div class=\"wp-block-jetpack-layout-grid-column wp-block-jetpack-layout-grid__padding-none has-background\" style=\"background-color:#fff0fb\">\n<h6 class=\"wp-block-heading has-text-align-right\" style=\"font-size:clamp(14px, 0.875rem + ((1vw - 3.2px) * 0.227), 16px);px;line-height:1.5\"><strong><span style=\"background-color:rgba(0, 0, 0, 0)\" class=\"has-inline-color has-foreground-dark-color\">A. PAULA<\/span><\/strong><\/h6>\n\n\n\n<p class=\"has-drop-cap has-text-align-justify\" style=\"font-size:clamp(14px, 0.875rem + ((1vw - 3.2px) * 0.227), 16px);px\">&#8220;As aulas transformaram minha rotina de anos de dores e desconfortos na coluna e pesco\u00e7o. Me sinto relaxada e muito mais disposta a todo tido de atividade. As pr\u00e1ticas s\u00e3o focadas nas minhas queixas e o resultado \u00e9 muito r\u00e1pido.&#8221;<\/p>\n<\/div>\n\n\n\n<div class=\"wp-block-jetpack-layout-grid-column wp-block-jetpack-layout-grid__padding-none has-background\" style=\"background-color:#fff0fb\">\n<h6 class=\"wp-block-heading has-text-align-right\" style=\"font-size:clamp(14px, 0.875rem + ((1vw - 3.2px) * 0.227), 16px);px\"><strong><span style=\"background-color:rgba(0, 0, 0, 0)\" class=\"has-inline-color has-foreground-dark-color\">A.<\/span> CORREA<\/strong><\/h6>\n\n\n\n<p class=\"has-drop-cap has-text-align-justify\" style=\"font-size:clamp(14px, 0.875rem + ((1vw - 3.2px) * 0.227), 16px);px\">&#8220;Em aproximadamente um ano que comecei as aulas de pilates, j\u00e1 pude perceber mudan\u00e7as significativas no meu corpo, desde postura, diminui\u00e7\u00e3o de medidas e principalmente consci\u00eancia corporal. A Dra. Dayana sempre muito paciente, dedicada e profissional.&#8221;<\/p>\n<\/div>\n<\/div>\n\n\n\n<p class=\"has-text-align-center has-text-color has-small-font-size\" style=\"color:#bebebe;line-height:1\"><small>Copyright \u00a9 2020 &#8211; Dayana Marques<\/small><br><small>Desenvolvido por Tiago A. Batista<\/small><\/p>\n","protected":false},"excerpt":{"rendered":"<p>O que dizem ospacientes e alunos H. FERREIRA &#8220;Me tratei com a Dra. Dayana por 4 meses, estou me sentindo \u00f3tima e com ainda mais vontade de viver. Ela \u00e9 humana de verdade.&#8221; M. BORTOLUCI &#8220;Recebi a indica\u00e7\u00e3o da Dra. atrav\u00e9s de uma amiga, para tratar minha m\u00e3e havia sofrido um AVC. De pronto me [&hellip;]<\/p>\n","protected":false},"author":1,"featured_media":0,"parent":0,"menu_order":0,"comment_status":"closed","ping_status":"closed","template":"","meta":{"footnotes":""},"_links":{"self":[{"href":"https:\/\/dmfisioterapia.com.br\/index.php\/wp-json\/wp\/v2\/pages\/902"}],"collection":[{"href":"https:\/\/dmfisioterapia.com.br\/index.php\/wp-json\/wp\/v2\/pages"}],"about":[{"href":"https:\/\/dmfisioterapia.com.br\/index.php\/wp-json\/wp\/v2\/types\/page"}],"author":[{"embeddable":true,"href":"https:\/\/dmfisioterapia.com.br\/index.php\/wp-json\/wp\/v2\/users\/1"}],"replies":[{"embeddable":true,"href":"https:\/\/dmfisioterapia.com.br\/index.php\/wp-json\/wp\/v2\/comments?post=902"}],"version-history":[{"count":33,"href":"https:\/\/dmfisioterapia.com.br\/index.php\/wp-json\/wp\/v2\/pages\/902\/revisions"}],"predecessor-version":[{"id":1821,"href":"https:\/\/dmfisioterapia.com.br\/index.php\/wp-json\/wp\/v2\/pages\/902\/revisions\/1821"}],"wp:attachment":[{"href":"https:\/\/dmfisioterapia.com.br\/index.php\/wp-json\/wp\/v2\/media?parent=902"}],"curies":[{"name":"wp","href":"https:\/\/api.w.org\/{rel}","templated":true}]}}