{"id":898,"date":"2021-01-25T20:00:44","date_gmt":"2021-01-25T23:00:44","guid":{"rendered":"http:\/\/dmfisioterapia.com.br\/?page_id=898"},"modified":"2023-10-05T09:25:08","modified_gmt":"2023-10-05T12:25:08","slug":"fisio","status":"publish","type":"page","link":"https:\/\/dmfisioterapia.com.br\/index.php\/fisio\/","title":{"rendered":"Fisioterapia"},"content":{"rendered":"<nav style=\"color: #a62280;background-color: #fff0fb; font-size:9px;font-style:normal;font-weight:700;line-height:1;text-transform:none;\" class=\"has-text-color has-background items-justified-center alignfull wp-block-navigation is-horizontal is-content-justification-center is-layout-flex wp-container-3 wp-block-navigation-is-layout-flex\" aria-label=\"Navega\u00e7\u00e3o 7\"><ul style=\"color: #a62280;background-color: #fff0fb; font-size:9px;font-style:normal;font-weight:700;line-height:1;text-transform:none;\" class=\"wp-block-navigation__container has-text-color has-background items-justified-center alignfull wp-block-navigation\"><li style=\"font-size: 9px;\" class=\" wp-block-navigation-item wp-block-navigation-link\"><a class=\"wp-block-navigation-item__content\"  href=\"https:\/\/dmfisioterapia.com.br\/\"><span class=\"wp-block-navigation-item__label\">HOME<\/span><\/a><\/li><li style=\"font-size: 9px;\" class=\" wp-block-navigation-item wp-block-navigation-link\"><a class=\"wp-block-navigation-item__content\"  href=\"https:\/\/dmfisioterapia.com.br\/index.php\/fisio\/\"><span class=\"wp-block-navigation-item__label\">FISIOTERAPIA<\/span><\/a><\/li><li style=\"font-size: 9px;\" class=\" wp-block-navigation-item wp-block-navigation-link\"><a class=\"wp-block-navigation-item__content\"  href=\"https:\/\/dmfisioterapia.com.br\/index.php\/pilates-2\/\"><span class=\"wp-block-navigation-item__label\">PILATES<\/span><\/a><\/li><li style=\"font-size: 9px;\" class=\" wp-block-navigation-item wp-block-navigation-link\"><a class=\"wp-block-navigation-item__content\"  href=\"https:\/\/dmfisioterapia.com.br\/index.php\/ventosa-2\/\"><span class=\"wp-block-navigation-item__label\">VENTOSATERAPIA<\/span><\/a><\/li><li style=\"font-size: 9px;\" class=\" wp-block-navigation-item wp-block-navigation-link is-layout-flow wp-block-navigation-link-is-layout-flow\"><a class=\"wp-block-navigation-item__content\"  href=\"https:\/\/dmfisioterapia.com.br\/index.php\/eletroterapia\/\"><span class=\"wp-block-navigation-item__label\">ELETROTERAPIA<\/span><\/a><\/li><li style=\"font-size: 9px;\" class=\" wp-block-navigation-item wp-block-navigation-link\"><a class=\"wp-block-navigation-item__content\"  href=\"https:\/\/dmfisioterapia.com.br\/index.php\/blog-2\/\"><span class=\"wp-block-navigation-item__label\">LIBERA\u00c7\u00c3O MIOFASCIAL<\/span><\/a><\/li><li style=\"font-size: 9px;\" class=\" wp-block-navigation-item wp-block-navigation-link\"><a class=\"wp-block-navigation-item__content\"  href=\"https:\/\/dmfisioterapia.com.br\/index.php\/massagem-2\/\"><span class=\"wp-block-navigation-item__label\">MASSAGEM RELAX<\/span><\/a><\/li><li style=\"font-size: 9px;\" class=\" wp-block-navigation-item wp-block-navigation-link\"><a class=\"wp-block-navigation-item__content\"  href=\"https:\/\/dmfisioterapia.com.br\/index.php\/kinesio-2\/\"><span class=\"wp-block-navigation-item__label\">KINESIO TAPING<\/span><\/a><\/li><li style=\"font-size: 9px;\" class=\" wp-block-navigation-item wp-block-navigation-link\"><a class=\"wp-block-navigation-item__content\"  href=\"https:\/\/dmfisioterapia.com.br\/index.php\/depoimentos\/\"><span class=\"wp-block-navigation-item__label\">DEPOIMENTOS<\/span><\/a><\/li><li style=\"font-size: 9px;\" class=\" wp-block-navigation-item wp-block-navigation-link\"><a class=\"wp-block-navigation-item__content\"  href=\"https:\/\/dmfisioterapia.com.br\/wp-content\/uploads\/2023\/10\/Cartao-Digital-Dra.-Dayana-Marques-1.pdf\" target=\"_blank\"  ><span class=\"wp-block-navigation-item__label\">CART\u00c3O DE VISITAS<\/span><\/a><\/li><li style=\"font-size: 9px;\" class=\" wp-block-navigation-item wp-block-navigation-link\"><a class=\"wp-block-navigation-item__content\"  href=\"#contato-contato\"><span class=\"wp-block-navigation-item__label\">CONTATO<\/span><\/a><\/li><\/ul><\/nav>\n\n\n<div class=\"wp-block-columns alignwide is-layout-flex wp-container-7 wp-block-columns-is-layout-flex\">\n<div class=\"wp-block-column is-layout-flow wp-block-column-is-layout-flow\" id=\"orto-orto\">\n<figure class=\"wp-block-image alignfull size-large is-style-default\"><img decoding=\"async\" loading=\"lazy\" width=\"564\" height=\"709\" src=\"https:\/\/dmfisioterapia.com.br\/wp-content\/uploads\/2021\/01\/fisioterapia-ortopedica.png?w=564\" alt=\"\" class=\"wp-image-969\" srcset=\"https:\/\/dmfisioterapia.com.br\/wp-content\/uploads\/2021\/01\/fisioterapia-ortopedica.png 564w, https:\/\/dmfisioterapia.com.br\/wp-content\/uploads\/2021\/01\/fisioterapia-ortopedica-239x300.png 239w\" sizes=\"(max-width: 564px) 100vw, 564px\" \/><\/figure>\n\n\n\n<p class=\"has-text-align-justify\" style=\"font-size:clamp(14px, 0.875rem + ((1vw - 3.2px) * 0.227), 16px);px\">\u220e&nbsp; <strong>Indica\u00e7\u00f5es<\/strong>:<br><br>\u2714 Entorses<br>\u2714 Contraturas<br>\u2714 Tendinites<br>\u2714 Bursites<br>\u2714 Pr\u00e9 e P\u00f3s Operat\u00f3rio<br>\u2714 Membros Superiores: Ombro, Cotovelo, Punho e M\u00e3o<br>\u2714 Membros Inferiores: Quadril, Joelho, Tornozelo e P\u00e9<br>Dentre outras&#8230;<br><br><strong>Fisioterapia Ortop\u00e9dica<\/strong> visa tratar disfun\u00e7\u00f5es osteomioarticulares e tend\u00edneas resultantes de traumas e fraturas e suas consequ\u00eancias imediatas e tardias, les\u00f5es por esfor\u00e7os repetitivos, patologias ortop\u00e9dicas, les\u00f5es esportivas, pequenos e grandes traumas, p\u00f3s-condi\u00e7\u00f5es cir\u00fargicas e doen\u00e7as cong\u00eanitas em adultos e crian\u00e7as.<br><br><em><sup>Fonte: Site Portal Educa\u00e7\u00e3o<\/sup><\/em><\/p>\n<\/div>\n\n\n\n<div class=\"wp-block-column is-layout-flow wp-block-column-is-layout-flow\" id=\"cardio-cardio\">\n<figure class=\"wp-block-image alignfull size-large is-style-default\"><img decoding=\"async\" loading=\"lazy\" width=\"564\" height=\"709\" src=\"https:\/\/dmfisioterapia.com.br\/wp-content\/uploads\/2021\/01\/fisioterapia-cardiorespiratoria.png?w=564\" alt=\"\" class=\"wp-image-970\" srcset=\"https:\/\/dmfisioterapia.com.br\/wp-content\/uploads\/2021\/01\/fisioterapia-cardiorespiratoria.png 564w, https:\/\/dmfisioterapia.com.br\/wp-content\/uploads\/2021\/01\/fisioterapia-cardiorespiratoria-239x300.png 239w\" sizes=\"(max-width: 564px) 100vw, 564px\" \/><\/figure>\n\n\n\n<p class=\"has-text-align-justify\" style=\"font-size:clamp(14px, 0.875rem + ((1vw - 3.2px) * 0.227), 16px);px\">\u220e&nbsp; <strong>Indica\u00e7\u00f5es<\/strong>:<br><br>\u2714 Asma<br>\u2714 Enfisema<br>\u2714 Fibrose pulmonar<br>\u2714 Insufici\u00eancia respirat\u00f3ria<br>\u2714 Tuberculose<br>\u2714 Pneumonias<br>\u2714 Bronquite cr\u00f4nica<br>\u2714 Bronquiectasias<br>Dentre outras&#8230;<br><br>A <strong>Fisioterapia Cardiorrespirat\u00f3ria<\/strong> \u00e9 indicada em praticamente todas as doen\u00e7as respirat\u00f3rias, nas unidades de terapia intensiva, pr\u00e9 e p\u00f3s-operat\u00f3rio e no n\u00edvel ambulatorial para adultos, idosos e crian\u00e7as. Tem tamb\u00e9m uma indica\u00e7\u00e3o preventiva para evitar doen\u00e7as e\/ou complica\u00e7\u00f5es respirat\u00f3rias, sobretudo nos pacientes submetidos a cirurgia abdominal, ortop\u00e9dica, tor\u00e1cica ou card\u00edaca al\u00e9m de prevenir e corrigir poss\u00edveis as deformidades posturais, associadas ao dist\u00farbio respirat\u00f3rio.<br><br><em><sup>Fontes: Site Educa Mais e Blog Fisioterapia<\/sup><\/em><\/p>\n<\/div>\n\n\n\n<div class=\"wp-block-column is-layout-flow wp-block-column-is-layout-flow\" id=\"neuro-neuro\">\n<figure class=\"wp-block-image alignfull size-large is-style-default\"><img decoding=\"async\" loading=\"lazy\" width=\"564\" height=\"709\" src=\"https:\/\/dmfisioterapia.com.br\/wp-content\/uploads\/2021\/01\/fisioterapia-neurofuncional.png?w=564\" alt=\"\" class=\"wp-image-971\" srcset=\"https:\/\/dmfisioterapia.com.br\/wp-content\/uploads\/2021\/01\/fisioterapia-neurofuncional.png 564w, https:\/\/dmfisioterapia.com.br\/wp-content\/uploads\/2021\/01\/fisioterapia-neurofuncional-239x300.png 239w\" sizes=\"(max-width: 564px) 100vw, 564px\" \/><\/figure>\n\n\n\n<p class=\"has-text-align-justify\" style=\"font-size:clamp(14px, 0.875rem + ((1vw - 3.2px) * 0.227), 16px);px;line-height:1.5\">\u220e&nbsp; <strong>Indica\u00e7\u00f5es<\/strong>:<br><br>\u2714 Distrofias Musculares (DM)<br>\u2714 Acidente Vascular Encef\u00e1lico (AVE)<br>\u2714 S\u00edndrome de GuilainBarr\u00e9<br>\u2714 Mal de Parkinson e S\u00edndrome Parkinsoniana<br>\u2714 Atraso do Desenvolvimento Neuropsicomotor<br>\u2714 S\u00edndrome de Down (SD)<br>\u2714 Paralisia Cerebral (PC)<br>\u2714 Trauma Raquimedular (TRM)<br>\u2714 Neuropatia<br>\u2714 Esclerose Lateral Amiotr\u00f3fica (ELA)<br>Dentre outras&#8230;<br><br>A <strong>Fisioterapia Neurofuncional <\/strong>\u00e9 um conjunto de interven\u00e7\u00f5es e conhecimentos t\u00e9cnico-cient\u00edficos destinados \u00e0 preven\u00e7\u00e3o e tratamento de disfun\u00e7\u00f5es originadas no c\u00e9rebro, tronco encef\u00e1lico, medula espinhal, nervos perif\u00e9ricos e jun\u00e7\u00f5es neuromusculares.<br><br><em><sup>Fonte: Sites Clia Psicologia e BlogFisioterapia<br><\/sup><\/em><br><\/p>\n<\/div>\n<\/div>\n\n\n\n<p class=\"has-text-align-center has-text-color has-small-font-size\" style=\"color:#bebebe;line-height:1\"><small>Copyright \u00a9 2020 &#8211; Dayana Marques<\/small><br><small>Desenvolvido por Tiago A. Batista<\/small><\/p>\n","protected":false},"excerpt":{"rendered":"<p>\u220e&nbsp; Indica\u00e7\u00f5es: \u2714 Entorses\u2714 Contraturas\u2714 Tendinites\u2714 Bursites\u2714 Pr\u00e9 e P\u00f3s Operat\u00f3rio\u2714 Membros Superiores: Ombro, Cotovelo, Punho e M\u00e3o\u2714 Membros Inferiores: Quadril, Joelho, Tornozelo e P\u00e9Dentre outras&#8230; Fisioterapia Ortop\u00e9dica visa tratar disfun\u00e7\u00f5es osteomioarticulares e tend\u00edneas resultantes de traumas e fraturas e suas consequ\u00eancias imediatas e tardias, les\u00f5es por esfor\u00e7os repetitivos, patologias ortop\u00e9dicas, les\u00f5es esportivas, pequenos e [&hellip;]<\/p>\n","protected":false},"author":1,"featured_media":0,"parent":0,"menu_order":0,"comment_status":"closed","ping_status":"closed","template":"","meta":{"footnotes":""},"_links":{"self":[{"href":"https:\/\/dmfisioterapia.com.br\/index.php\/wp-json\/wp\/v2\/pages\/898"}],"collection":[{"href":"https:\/\/dmfisioterapia.com.br\/index.php\/wp-json\/wp\/v2\/pages"}],"about":[{"href":"https:\/\/dmfisioterapia.com.br\/index.php\/wp-json\/wp\/v2\/types\/page"}],"author":[{"embeddable":true,"href":"https:\/\/dmfisioterapia.com.br\/index.php\/wp-json\/wp\/v2\/users\/1"}],"replies":[{"embeddable":true,"href":"https:\/\/dmfisioterapia.com.br\/index.php\/wp-json\/wp\/v2\/comments?post=898"}],"version-history":[{"count":30,"href":"https:\/\/dmfisioterapia.com.br\/index.php\/wp-json\/wp\/v2\/pages\/898\/revisions"}],"predecessor-version":[{"id":1820,"href":"https:\/\/dmfisioterapia.com.br\/index.php\/wp-json\/wp\/v2\/pages\/898\/revisions\/1820"}],"wp:attachment":[{"href":"https:\/\/dmfisioterapia.com.br\/index.php\/wp-json\/wp\/v2\/media?parent=898"}],"curies":[{"name":"wp","href":"https:\/\/api.w.org\/{rel}","templated":true}]}}