{"id":46,"date":"2020-10-01T12:07:52","date_gmt":"2020-10-01T15:07:52","guid":{"rendered":"http:\/\/dmfisioterapia.com.br\/?page_id=46"},"modified":"2023-10-19T18:58:45","modified_gmt":"2023-10-19T21:58:45","slug":"46-2","status":"publish","type":"page","link":"https:\/\/dmfisioterapia.com.br\/","title":{"rendered":"Home"},"content":{"rendered":"\n<div class=\"wp-block-cover is-light alignfull is-position-center-center is-style-default\" style=\"min-height:350px\"><span aria-hidden=\"true\" class=\"wp-block-cover__background has-background-background-color has-background-dim-0 has-background-dim\"><\/span><img decoding=\"async\" loading=\"lazy\" width=\"3331\" height=\"1771\" class=\"wp-block-cover__image-background wp-image-1734\" alt=\"\" src=\"https:\/\/dmfisioterapia.com.br\/wp-content\/uploads\/2023\/10\/Capa-1.png\" data-object-fit=\"cover\" srcset=\"https:\/\/dmfisioterapia.com.br\/wp-content\/uploads\/2023\/10\/Capa-1.png 3331w, https:\/\/dmfisioterapia.com.br\/wp-content\/uploads\/2023\/10\/Capa-1-300x160.png 300w, https:\/\/dmfisioterapia.com.br\/wp-content\/uploads\/2023\/10\/Capa-1-1024x544.png 1024w, https:\/\/dmfisioterapia.com.br\/wp-content\/uploads\/2023\/10\/Capa-1-768x408.png 768w, https:\/\/dmfisioterapia.com.br\/wp-content\/uploads\/2023\/10\/Capa-1-1536x817.png 1536w, https:\/\/dmfisioterapia.com.br\/wp-content\/uploads\/2023\/10\/Capa-1-2048x1089.png 2048w\" sizes=\"(max-width: 3331px) 100vw, 3331px\" \/><div class=\"wp-block-cover__inner-container is-layout-flow wp-block-cover-is-layout-flow\">\n<div class=\"wp-block-columns alignfull are-vertically-aligned-center is-layout-flex wp-container-2 wp-block-columns-is-layout-flex\">\n<div class=\"wp-block-column is-vertically-aligned-center is-layout-flow wp-block-column-is-layout-flow\">\n<figure class=\"wp-block-image aligncenter size-large is-resized is-style-default\"><img decoding=\"async\" loading=\"lazy\" width=\"1024\" height=\"652\" src=\"https:\/\/dmfisioterapia.com.br\/wp-content\/uploads\/2023\/10\/Logo-Capa-2-1024x652.png\" alt=\"\" class=\"wp-image-1736\" style=\"width:500px;height:undefinedpx\" srcset=\"https:\/\/dmfisioterapia.com.br\/wp-content\/uploads\/2023\/10\/Logo-Capa-2-1024x652.png 1024w, https:\/\/dmfisioterapia.com.br\/wp-content\/uploads\/2023\/10\/Logo-Capa-2-300x191.png 300w, https:\/\/dmfisioterapia.com.br\/wp-content\/uploads\/2023\/10\/Logo-Capa-2-768x489.png 768w, https:\/\/dmfisioterapia.com.br\/wp-content\/uploads\/2023\/10\/Logo-Capa-2-1536x977.png 1536w, https:\/\/dmfisioterapia.com.br\/wp-content\/uploads\/2023\/10\/Logo-Capa-2-2048x1303.png 2048w\" sizes=\"(max-width: 1024px) 100vw, 1024px\" \/><\/figure>\n<\/div>\n<\/div>\n<\/div><\/div>\n\n\n\n<div class=\"wp-block-group alignfull is-layout-flow wp-block-group-is-layout-flow\"><nav style=\"background-color: #a62280; font-size:clamp(14px, 0.875rem + ((1vw - 3.2px) * 0.568), 19px);font-style:normal;font-weight:700;line-height:1;text-transform:none;\" class=\"has-text-color has-base-color has-background items-justified-center alignfull wp-block-navigation is-horizontal is-content-justification-center is-layout-flex wp-container-6 wp-block-navigation-is-layout-flex\" aria-label=\"Navega\u00e7\u00e3o 7\"><ul style=\"background-color: #a62280; font-size:clamp(14px, 0.875rem + ((1vw - 3.2px) * 0.568), 19px);font-style:normal;font-weight:700;line-height:1;text-transform:none;\" class=\"wp-block-navigation__container has-text-color has-base-color has-background items-justified-center alignfull wp-block-navigation\"><li style=\"font-size: clamp(14px, 0.875rem + ((1vw - 3.2px) * 0.568), 19px);\" class=\" wp-block-navigation-item wp-block-navigation-link\"><a class=\"wp-block-navigation-item__content\"  href=\"https:\/\/dmfisioterapia.com.br\/\"><span class=\"wp-block-navigation-item__label\">HOME<\/span><\/a><\/li><li style=\"font-size: clamp(14px, 0.875rem + ((1vw - 3.2px) * 0.568), 19px);\" class=\" wp-block-navigation-item wp-block-navigation-link\"><a class=\"wp-block-navigation-item__content\"  href=\"https:\/\/dmfisioterapia.com.br\/index.php\/fisio\/\"><span class=\"wp-block-navigation-item__label\">FISIOTERAPIA<\/span><\/a><\/li><li style=\"font-size: clamp(14px, 0.875rem + ((1vw - 3.2px) * 0.568), 19px);\" class=\" wp-block-navigation-item wp-block-navigation-link\"><a class=\"wp-block-navigation-item__content\"  href=\"https:\/\/dmfisioterapia.com.br\/index.php\/pilates-2\/\"><span class=\"wp-block-navigation-item__label\">PILATES<\/span><\/a><\/li><li style=\"font-size: clamp(14px, 0.875rem + ((1vw - 3.2px) * 0.568), 19px);\" class=\" wp-block-navigation-item wp-block-navigation-link\"><a class=\"wp-block-navigation-item__content\"  href=\"https:\/\/dmfisioterapia.com.br\/index.php\/ventosa-2\/\"><span class=\"wp-block-navigation-item__label\">VENTOSATERAPIA<\/span><\/a><\/li><li style=\"font-size: clamp(14px, 0.875rem + ((1vw - 3.2px) * 0.568), 19px);\" class=\" wp-block-navigation-item wp-block-navigation-link is-layout-flow wp-block-navigation-link-is-layout-flow\"><a class=\"wp-block-navigation-item__content\"  href=\"https:\/\/dmfisioterapia.com.br\/index.php\/eletroterapia\/\"><span class=\"wp-block-navigation-item__label\">ELETROTERAPIA<\/span><\/a><\/li><li style=\"font-size: clamp(14px, 0.875rem + ((1vw - 3.2px) * 0.568), 19px);\" class=\" wp-block-navigation-item wp-block-navigation-link\"><a class=\"wp-block-navigation-item__content\"  href=\"https:\/\/dmfisioterapia.com.br\/index.php\/blog-2\/\"><span class=\"wp-block-navigation-item__label\">LIBERA\u00c7\u00c3O MIOFASCIAL<\/span><\/a><\/li><li style=\"font-size: clamp(14px, 0.875rem + ((1vw - 3.2px) * 0.568), 19px);\" class=\" wp-block-navigation-item wp-block-navigation-link\"><a class=\"wp-block-navigation-item__content\"  href=\"https:\/\/dmfisioterapia.com.br\/index.php\/massagem-2\/\"><span class=\"wp-block-navigation-item__label\">MASSAGEM RELAX<\/span><\/a><\/li><li style=\"font-size: clamp(14px, 0.875rem + ((1vw - 3.2px) * 0.568), 19px);\" class=\" wp-block-navigation-item wp-block-navigation-link\"><a class=\"wp-block-navigation-item__content\"  href=\"https:\/\/dmfisioterapia.com.br\/index.php\/kinesio-2\/\"><span class=\"wp-block-navigation-item__label\">KINESIO TAPING<\/span><\/a><\/li><li style=\"font-size: clamp(14px, 0.875rem + ((1vw - 3.2px) * 0.568), 19px);\" class=\" wp-block-navigation-item wp-block-navigation-link\"><a class=\"wp-block-navigation-item__content\"  href=\"https:\/\/dmfisioterapia.com.br\/index.php\/depoimentos\/\"><span class=\"wp-block-navigation-item__label\">DEPOIMENTOS<\/span><\/a><\/li><li style=\"font-size: clamp(14px, 0.875rem + ((1vw - 3.2px) * 0.568), 19px);\" class=\" wp-block-navigation-item wp-block-navigation-link\"><a class=\"wp-block-navigation-item__content\"  href=\"https:\/\/dmfisioterapia.com.br\/wp-content\/uploads\/2023\/10\/Cartao-Digital-Dra.-Dayana-Marques-1.pdf\" target=\"_blank\"  ><span class=\"wp-block-navigation-item__label\">CART\u00c3O DE VISITAS<\/span><\/a><\/li><li style=\"font-size: clamp(14px, 0.875rem + ((1vw - 3.2px) * 0.568), 19px);\" class=\" wp-block-navigation-item wp-block-navigation-link\"><a class=\"wp-block-navigation-item__content\"  href=\"#contato-contato\"><span class=\"wp-block-navigation-item__label\">CONTATO<\/span><\/a><\/li><\/ul><\/nav><\/div>\n\n\n\n<div class=\"wp-block-group alignwide has-background-background-color has-background is-layout-flow wp-block-group-is-layout-flow\" id=\"quem-sou\">\n<div class=\"wp-block-group alignwide is-layout-flow wp-block-group-is-layout-flow\">\n<div class=\"wp-block-columns alignwide is-layout-flex wp-container-10 wp-block-columns-is-layout-flex\">\n<div class=\"wp-block-column is-layout-flow wp-block-column-is-layout-flow\">\n<figure class=\"wp-block-image alignfull size-large is-style-default\"><img decoding=\"async\" loading=\"lazy\" width=\"869\" height=\"1024\" src=\"https:\/\/dmfisioterapia.com.br\/wp-content\/uploads\/2021\/01\/foto-pessoal-2-869x1024.jpeg\" alt=\"\" class=\"wp-image-894\" style=\"aspect-ratio:1;object-fit:contain\" srcset=\"https:\/\/dmfisioterapia.com.br\/wp-content\/uploads\/2021\/01\/foto-pessoal-2-869x1024.jpeg 869w, https:\/\/dmfisioterapia.com.br\/wp-content\/uploads\/2021\/01\/foto-pessoal-2-254x300.jpeg 254w, https:\/\/dmfisioterapia.com.br\/wp-content\/uploads\/2021\/01\/foto-pessoal-2-768x905.jpeg 768w, https:\/\/dmfisioterapia.com.br\/wp-content\/uploads\/2021\/01\/foto-pessoal-2-1303x1536.jpeg 1303w, https:\/\/dmfisioterapia.com.br\/wp-content\/uploads\/2021\/01\/foto-pessoal-2-1737x2048.jpeg 1737w\" sizes=\"(max-width: 869px) 100vw, 869px\" \/><\/figure>\n<\/div>\n\n\n\n<div class=\"wp-block-column is-layout-flow wp-block-column-is-layout-flow\" style=\"flex-basis:54.7%\">\n<p style=\"margin-right:var(--wp--preset--spacing--30);margin-left:var(--wp--preset--spacing--30)\"><strong>Dayana Marques<\/strong>, crefito 278722-F.<\/p>\n\n\n\n<p class=\"has-text-align-justify\" style=\"margin-right:var(--wp--preset--spacing--30);margin-left:var(--wp--preset--spacing--30);font-size:clamp(14px, 0.875rem + ((1vw - 3.2px) * 0.455), 18px);\">Fisioterapeuta pela Universidade Anhanguera de S\u00e3o Paulo e instrutora de Mat Pilates por Joseph Pilates.<br><br>Conclui o curso de Fisioterapia com m\u00e9ritos no final do ano de 2018, onde nos quatro \u00faltimos semestres tive a oportunidade de estagiar em algumas \u00e1reas no qual podemos destacar:<br><br>\u2022 <strong>Fisioterapia Ortop\u00e9dica &#8211; <\/strong>Atendimento de pacientes com diversas necessidades de reabilita\u00e7\u00e3o, com \u00eanfase em Lombalgia e Fascite plantar.<br>\u2022 <strong>Fisioterapia Neurol\u00f3gica &#8211; <\/strong>Atendimento de pacientes com distrofia de Duchenne, p\u00f3s AVC e PC adulto\/infantil.<br>\u2022 <strong>Fisioterapia Cardiorrespirat\u00f3ria &#8211; <\/strong>Atendimento de pacientes com DPOC, Asma e Traqueostomia.<br>\u2022 <strong>UTI &#8211; <\/strong>Atendimento de pacientes com diversas patologias respirat\u00f3rias, com \u00eanfase em Aspira\u00e7\u00e3o por sonda, Manobras de Higiene Br\u00f4nquica e Fisioterapia Motora.<br><br>Em complemento a gradua\u00e7\u00e3o <strong>conclui o curso completo de Mat Pilates<\/strong> (acess\u00f3rios e aparelhos) com a Doutora em Ci\u00eancias Fisiol\u00f3gicas pela USP Laiali Jurdi El Chaar, e no final de 2019 me atualizei em Pilates Cl\u00ednico.<\/p>\n<\/div>\n<\/div>\n<\/div>\n<\/div>\n\n\n\n<div class=\"wp-block-columns alignfull has-background is-layout-flex wp-container-16 wp-block-columns-is-layout-flex\" id=\"contato-contato\" style=\"background-color:#fff0fb\">\n<div class=\"wp-block-column is-vertically-aligned-center is-layout-flow wp-block-column-is-layout-flow\">\n<h4 class=\"wp-block-heading has-text-align-center has-text-color\" style=\"color:#a62280;font-size:clamp(18.959px, 1.185rem + ((1vw - 3.2px) * 1.255), 30px);\"><strong>ATENDIMENTO \u00c1 DOMIC\u00cdLIO<br><br>Agende seu hor\u00e1rio no conforto<\/strong> <strong>da sua casa ou escrit\u00f3rio para atendimento individual ou em grupo<\/strong><\/h4>\n\n\n\n<ul class=\"wp-block-social-links aligncenter has-huge-icon-size is-style-logos-only is-horizontal is-content-justification-center is-layout-flex wp-container-13 wp-block-social-links-is-layout-flex\"><li class=\"wp-social-link wp-social-link-whatsapp  wp-block-social-link\"><a rel=\" noopener nofollow\" target=\"_blank\" href=\"https:\/\/api.whatsapp.com\/send?phone=5511968734957\" class=\"wp-block-social-link-anchor\"><svg width=\"24\" height=\"24\" viewBox=\"0 0 24 24\" version=\"1.1\" xmlns=\"http:\/\/www.w3.org\/2000\/svg\" aria-hidden=\"true\" focusable=\"false\"><path d=\"M 12.011719 2 C 6.5057187 2 2.0234844 6.478375 2.0214844 11.984375 C 2.0204844 13.744375 2.4814687 15.462563 3.3554688 16.976562 L 2 22 L 7.2324219 20.763672 C 8.6914219 21.559672 10.333859 21.977516 12.005859 21.978516 L 12.009766 21.978516 C 17.514766 21.978516 21.995047 17.499141 21.998047 11.994141 C 22.000047 9.3251406 20.962172 6.8157344 19.076172 4.9277344 C 17.190172 3.0407344 14.683719 2.001 12.011719 2 z M 12.009766 4 C 14.145766 4.001 16.153109 4.8337969 17.662109 6.3417969 C 19.171109 7.8517969 20.000047 9.8581875 19.998047 11.992188 C 19.996047 16.396187 16.413812 19.978516 12.007812 19.978516 C 10.674812 19.977516 9.3544062 19.642812 8.1914062 19.007812 L 7.5175781 18.640625 L 6.7734375 18.816406 L 4.8046875 19.28125 L 5.2851562 17.496094 L 5.5019531 16.695312 L 5.0878906 15.976562 C 4.3898906 14.768562 4.0204844 13.387375 4.0214844 11.984375 C 4.0234844 7.582375 7.6067656 4 12.009766 4 z M 8.4765625 7.375 C 8.3095625 7.375 8.0395469 7.4375 7.8105469 7.6875 C 7.5815469 7.9365 6.9355469 8.5395781 6.9355469 9.7675781 C 6.9355469 10.995578 7.8300781 12.182609 7.9550781 12.349609 C 8.0790781 12.515609 9.68175 15.115234 12.21875 16.115234 C 14.32675 16.946234 14.754891 16.782234 15.212891 16.740234 C 15.670891 16.699234 16.690438 16.137687 16.898438 15.554688 C 17.106437 14.971687 17.106922 14.470187 17.044922 14.367188 C 16.982922 14.263188 16.816406 14.201172 16.566406 14.076172 C 16.317406 13.951172 15.090328 13.348625 14.861328 13.265625 C 14.632328 13.182625 14.464828 13.140625 14.298828 13.390625 C 14.132828 13.640625 13.655766 14.201187 13.509766 14.367188 C 13.363766 14.534188 13.21875 14.556641 12.96875 14.431641 C 12.71875 14.305641 11.914938 14.041406 10.960938 13.191406 C 10.218937 12.530406 9.7182656 11.714844 9.5722656 11.464844 C 9.4272656 11.215844 9.5585938 11.079078 9.6835938 10.955078 C 9.7955938 10.843078 9.9316406 10.663578 10.056641 10.517578 C 10.180641 10.371578 10.223641 10.267562 10.306641 10.101562 C 10.389641 9.9355625 10.347156 9.7890625 10.285156 9.6640625 C 10.223156 9.5390625 9.737625 8.3065 9.515625 7.8125 C 9.328625 7.3975 9.131125 7.3878594 8.953125 7.3808594 C 8.808125 7.3748594 8.6425625 7.375 8.4765625 7.375 z\"><\/path><\/svg><span class=\"wp-block-social-link-label screen-reader-text\">WhatsApp<\/span><\/a><\/li>\n\n<li class=\"wp-social-link wp-social-link-instagram  wp-block-social-link\"><a rel=\" noopener nofollow\" target=\"_blank\" href=\"https:\/\/www.instagram.com\/dra.dayanamarques\/\" class=\"wp-block-social-link-anchor\"><svg width=\"24\" height=\"24\" viewBox=\"0 0 24 24\" version=\"1.1\" xmlns=\"http:\/\/www.w3.org\/2000\/svg\" aria-hidden=\"true\" focusable=\"false\"><path d=\"M12,4.622c2.403,0,2.688,0.009,3.637,0.052c0.877,0.04,1.354,0.187,1.671,0.31c0.42,0.163,0.72,0.358,1.035,0.673 c0.315,0.315,0.51,0.615,0.673,1.035c0.123,0.317,0.27,0.794,0.31,1.671c0.043,0.949,0.052,1.234,0.052,3.637 s-0.009,2.688-0.052,3.637c-0.04,0.877-0.187,1.354-0.31,1.671c-0.163,0.42-0.358,0.72-0.673,1.035 c-0.315,0.315-0.615,0.51-1.035,0.673c-0.317,0.123-0.794,0.27-1.671,0.31c-0.949,0.043-1.233,0.052-3.637,0.052 s-2.688-0.009-3.637-0.052c-0.877-0.04-1.354-0.187-1.671-0.31c-0.42-0.163-0.72-0.358-1.035-0.673 c-0.315-0.315-0.51-0.615-0.673-1.035c-0.123-0.317-0.27-0.794-0.31-1.671C4.631,14.688,4.622,14.403,4.622,12 s0.009-2.688,0.052-3.637c0.04-0.877,0.187-1.354,0.31-1.671c0.163-0.42,0.358-0.72,0.673-1.035 c0.315-0.315,0.615-0.51,1.035-0.673c0.317-0.123,0.794-0.27,1.671-0.31C9.312,4.631,9.597,4.622,12,4.622 M12,3 C9.556,3,9.249,3.01,8.289,3.054C7.331,3.098,6.677,3.25,6.105,3.472C5.513,3.702,5.011,4.01,4.511,4.511 c-0.5,0.5-0.808,1.002-1.038,1.594C3.25,6.677,3.098,7.331,3.054,8.289C3.01,9.249,3,9.556,3,12c0,2.444,0.01,2.751,0.054,3.711 c0.044,0.958,0.196,1.612,0.418,2.185c0.23,0.592,0.538,1.094,1.038,1.594c0.5,0.5,1.002,0.808,1.594,1.038 c0.572,0.222,1.227,0.375,2.185,0.418C9.249,20.99,9.556,21,12,21s2.751-0.01,3.711-0.054c0.958-0.044,1.612-0.196,2.185-0.418 c0.592-0.23,1.094-0.538,1.594-1.038c0.5-0.5,0.808-1.002,1.038-1.594c0.222-0.572,0.375-1.227,0.418-2.185 C20.99,14.751,21,14.444,21,12s-0.01-2.751-0.054-3.711c-0.044-0.958-0.196-1.612-0.418-2.185c-0.23-0.592-0.538-1.094-1.038-1.594 c-0.5-0.5-1.002-0.808-1.594-1.038c-0.572-0.222-1.227-0.375-2.185-0.418C14.751,3.01,14.444,3,12,3L12,3z M12,7.378 c-2.552,0-4.622,2.069-4.622,4.622S9.448,16.622,12,16.622s4.622-2.069,4.622-4.622S14.552,7.378,12,7.378z M12,15 c-1.657,0-3-1.343-3-3s1.343-3,3-3s3,1.343,3,3S13.657,15,12,15z M16.804,6.116c-0.596,0-1.08,0.484-1.08,1.08 s0.484,1.08,1.08,1.08c0.596,0,1.08-0.484,1.08-1.08S17.401,6.116,16.804,6.116z\"><\/path><\/svg><span class=\"wp-block-social-link-label screen-reader-text\">Instagram<\/span><\/a><\/li>\n\n<li class=\"wp-social-link wp-social-link-facebook  wp-block-social-link\"><a rel=\" noopener nofollow\" target=\"_blank\" href=\"https:\/\/www.facebook.com\/dra.dayanamarques\" class=\"wp-block-social-link-anchor\"><svg width=\"24\" height=\"24\" viewBox=\"0 0 24 24\" version=\"1.1\" xmlns=\"http:\/\/www.w3.org\/2000\/svg\" aria-hidden=\"true\" focusable=\"false\"><path d=\"M12 2C6.5 2 2 6.5 2 12c0 5 3.7 9.1 8.4 9.9v-7H7.9V12h2.5V9.8c0-2.5 1.5-3.9 3.8-3.9 1.1 0 2.2.2 2.2.2v2.5h-1.3c-1.2 0-1.6.8-1.6 1.6V12h2.8l-.4 2.9h-2.3v7C18.3 21.1 22 17 22 12c0-5.5-4.5-10-10-10z\"><\/path><\/svg><span class=\"wp-block-social-link-label screen-reader-text\">Facebook<\/span><\/a><\/li><\/ul>\n\n\n<div class=\"wp-block-jetpack-contact-form is-style-animated\"><a href=\"https:\/\/dmfisioterapia.com.br\/\" target=\"_blank\" rel=\"noopener noreferrer\">Envie um formul\u00e1rio.<\/a><\/div>\n\n\n<p><\/p>\n\n\n\n<p><\/p>\n<\/div>\n\n\n\n<div class=\"wp-block-column is-vertically-aligned-top has-background is-layout-flow wp-block-column-is-layout-flow\" style=\"background-color:#fff0fb\" id=\"blog-blog\">\n<h5 class=\"wp-block-heading has-text-align-center\" id=\"blog-blog\" style=\"font-size:clamp(17.371px, 1.086rem + ((1vw - 3.2px) * 1.094), 27px);\"><strong><span style=\"background-color:rgba(0, 0, 0, 0);color:#a62280\" class=\"has-inline-color\"><strong>Fique por dentro dos conte\u00fados mais interessantes <\/strong><\/span><\/strong><\/h5>\n\n\n\n<figure class=\"wp-block-image aligncenter size-large is-resized is-style-default\"><img decoding=\"async\" loading=\"lazy\" width=\"640\" height=\"405\" src=\"https:\/\/dmfisioterapia.com.br\/wp-content\/uploads\/2020\/10\/blog-3.png?w=640\" alt=\"\" class=\"wp-image-672\" style=\"width:300px;height:undefinedpx\" srcset=\"https:\/\/dmfisioterapia.com.br\/wp-content\/uploads\/2020\/10\/blog-3.png 640w, https:\/\/dmfisioterapia.com.br\/wp-content\/uploads\/2020\/10\/blog-3-300x190.png 300w\" sizes=\"(max-width: 640px) 100vw, 640px\" \/><\/figure>\n\n\n<\/div>\n<\/div>\n\n\n\n<p class=\"has-text-align-center has-text-color\" style=\"color:#bebebe;font-size:clamp(14px, 0.875rem + ((1vw - 3.2px) * 0.227), 16px);line-height:1\"><small>Copyright \u00a9 2020 &#8211; Dayana Marques<\/small><br><small>Desenvolvido por Tiago A. Batista<\/small><\/p>\n","protected":false},"excerpt":{"rendered":"<p>Dayana Marques, crefito 278722-F. Fisioterapeuta pela Universidade Anhanguera de S\u00e3o Paulo e instrutora de Mat Pilates por Joseph Pilates. Conclui o curso de Fisioterapia com m\u00e9ritos no final do ano de 2018, onde nos quatro \u00faltimos semestres tive a oportunidade de estagiar em algumas \u00e1reas no qual podemos destacar: \u2022 Fisioterapia Ortop\u00e9dica &#8211; Atendimento de [&hellip;]<\/p>\n","protected":false},"author":1,"featured_media":0,"parent":0,"menu_order":0,"comment_status":"closed","ping_status":"closed","template":"","meta":{"footnotes":""},"_links":{"self":[{"href":"https:\/\/dmfisioterapia.com.br\/index.php\/wp-json\/wp\/v2\/pages\/46"}],"collection":[{"href":"https:\/\/dmfisioterapia.com.br\/index.php\/wp-json\/wp\/v2\/pages"}],"about":[{"href":"https:\/\/dmfisioterapia.com.br\/index.php\/wp-json\/wp\/v2\/types\/page"}],"author":[{"embeddable":true,"href":"https:\/\/dmfisioterapia.com.br\/index.php\/wp-json\/wp\/v2\/users\/1"}],"replies":[{"embeddable":true,"href":"https:\/\/dmfisioterapia.com.br\/index.php\/wp-json\/wp\/v2\/comments?post=46"}],"version-history":[{"count":172,"href":"https:\/\/dmfisioterapia.com.br\/index.php\/wp-json\/wp\/v2\/pages\/46\/revisions"}],"predecessor-version":[{"id":1831,"href":"https:\/\/dmfisioterapia.com.br\/index.php\/wp-json\/wp\/v2\/pages\/46\/revisions\/1831"}],"wp:attachment":[{"href":"https:\/\/dmfisioterapia.com.br\/index.php\/wp-json\/wp\/v2\/media?parent=46"}],"curies":[{"name":"wp","href":"https:\/\/api.w.org\/{rel}","templated":true}]}}